{"id":3048,"date":"2022-05-02T09:26:15","date_gmt":"2022-05-02T06:26:15","guid":{"rendered":"https:\/\/www.nive.fi\/?page_id=3048"},"modified":"2022-06-14T10:08:13","modified_gmt":"2022-06-14T07:08:13","slug":"palaute","status":"publish","type":"page","link":"https:\/\/www.nive.fi\/en\/palaute\/","title":{"rendered":"Feedback"},"content":{"rendered":"<div data-elementor-type=\"wp-page\" data-elementor-id=\"3048\" class=\"elementor elementor-3048\" data-elementor-post-type=\"page\">\n\t\t\t\t\t\t<section class=\"elementor-section elementor-top-section elementor-element elementor-element-440f512 elementor-section-boxed elementor-section-height-default elementor-section-height-default\" data-id=\"440f512\" data-element_type=\"section\" data-e-type=\"section\" data-settings=\"{&quot;background_background&quot;:&quot;classic&quot;}\">\n\t\t\t\t\t\t\t<div class=\"elementor-background-overlay\"><\/div>\n\t\t\t\t\t\t\t<div class=\"elementor-container elementor-column-gap-default\">\n\t\t\t\t\t<div class=\"elementor-column elementor-col-100 elementor-top-column elementor-element elementor-element-cb99f76\" data-id=\"cb99f76\" data-element_type=\"column\" data-e-type=\"column\">\n\t\t\t<div class=\"elementor-widget-wrap elementor-element-populated\">\n\t\t\t\t\t\t<div class=\"elementor-element elementor-element-0378511 elementor-widget elementor-widget-heading\" data-id=\"0378511\" data-element_type=\"widget\" data-e-type=\"widget\" data-widget_type=\"heading.default\">\n\t\t\t\t<div class=\"elementor-widget-container\">\n\t\t\t\t\t<h1 class=\"elementor-heading-title elementor-size-default\">Feedback<\/h1>\t\t\t\t<\/div>\n\t\t\t\t<\/div>\n\t\t\t\t\t<\/div>\n\t\t<\/div>\n\t\t\t\t\t<\/div>\n\t\t<\/section>\n\t\t\t\t<section class=\"elementor-section elementor-top-section elementor-element elementor-element-58fd725 elementor-section-boxed elementor-section-height-default elementor-section-height-default\" data-id=\"58fd725\" data-element_type=\"section\" data-e-type=\"section\">\n\t\t\t\t\t\t<div class=\"elementor-container elementor-column-gap-default\">\n\t\t\t\t\t<div class=\"elementor-column elementor-col-100 elementor-top-column elementor-element elementor-element-b01d15f\" data-id=\"b01d15f\" data-element_type=\"column\" data-e-type=\"column\">\n\t\t\t<div class=\"elementor-widget-wrap elementor-element-populated\">\n\t\t\t\t\t\t<div class=\"elementor-element elementor-element-940b406 elementor-widget elementor-widget-spacer\" data-id=\"940b406\" data-element_type=\"widget\" data-e-type=\"widget\" data-widget_type=\"spacer.default\">\n\t\t\t\t<div class=\"elementor-widget-container\">\n\t\t\t\t\t\t\t<div class=\"elementor-spacer\">\n\t\t\t<div class=\"elementor-spacer-inner\"><\/div>\n\t\t<\/div>\n\t\t\t\t\t\t<\/div>\n\t\t\t\t<\/div>\n\t\t\t\t\t<\/div>\n\t\t<\/div>\n\t\t\t\t\t<\/div>\n\t\t<\/section>\n\t\t\t\t<section class=\"elementor-section elementor-top-section elementor-element elementor-element-b0ecaef elementor-section-boxed elementor-section-height-default elementor-section-height-default\" data-id=\"b0ecaef\" data-element_type=\"section\" data-e-type=\"section\">\n\t\t\t\t\t\t<div class=\"elementor-container elementor-column-gap-default\">\n\t\t\t\t\t<div class=\"elementor-column elementor-col-50 elementor-top-column elementor-element elementor-element-80f42c6\" data-id=\"80f42c6\" data-element_type=\"column\" data-e-type=\"column\">\n\t\t\t<div class=\"elementor-widget-wrap elementor-element-populated\">\n\t\t\t\t\t\t<div class=\"elementor-element elementor-element-7d4f3bc elementor-align-center elementor-widget elementor-widget-lottie\" data-id=\"7d4f3bc\" data-element_type=\"widget\" data-e-type=\"widget\" data-settings=\"{&quot;source&quot;:&quot;media_file&quot;,&quot;source_json&quot;:{&quot;url&quot;:&quot;&quot;,&quot;id&quot;:&quot;&quot;,&quot;size&quot;:&quot;&quot;},&quot;link_to&quot;:&quot;none&quot;,&quot;trigger&quot;:&quot;arriving_to_viewport&quot;,&quot;viewport&quot;:{&quot;unit&quot;:&quot;%&quot;,&quot;size&quot;:&quot;&quot;,&quot;sizes&quot;:{&quot;start&quot;:0,&quot;end&quot;:100}},&quot;play_speed&quot;:{&quot;unit&quot;:&quot;px&quot;,&quot;size&quot;:1,&quot;sizes&quot;:[]},&quot;start_point&quot;:{&quot;unit&quot;:&quot;%&quot;,&quot;size&quot;:0,&quot;sizes&quot;:[]},&quot;end_point&quot;:{&quot;unit&quot;:&quot;%&quot;,&quot;size&quot;:100,&quot;sizes&quot;:[]},&quot;renderer&quot;:&quot;svg&quot;}\" data-widget_type=\"lottie.default\">\n\t\t\t\t<div class=\"elementor-widget-container\">\n\t\t\t\t\t<div class=\"e-lottie__container\"><div class=\"e-lottie__animation\"><\/div><\/div>\t\t\t\t<\/div>\n\t\t\t\t<\/div>\n\t\t\t\t\t<\/div>\n\t\t<\/div>\n\t\t\t\t<div class=\"elementor-column elementor-col-50 elementor-top-column elementor-element elementor-element-b502970\" data-id=\"b502970\" data-element_type=\"column\" data-e-type=\"column\">\n\t\t\t<div class=\"elementor-widget-wrap elementor-element-populated\">\n\t\t\t\t\t\t<div class=\"elementor-element elementor-element-bae83a1 elementor-widget elementor-widget-heading\" data-id=\"bae83a1\" data-element_type=\"widget\" data-e-type=\"widget\" data-widget_type=\"heading.default\">\n\t\t\t\t<div class=\"elementor-widget-container\">\n\t\t\t\t\t<h2 class=\"elementor-heading-title elementor-size-default\">Feedback develops operations<\/h2>\t\t\t\t<\/div>\n\t\t\t\t<\/div>\n\t\t\t\t<div class=\"elementor-element elementor-element-c81d924 elementor-widget elementor-widget-text-editor\" data-id=\"c81d924\" data-element_type=\"widget\" data-e-type=\"widget\" data-widget_type=\"text-editor.default\">\n\t\t\t\t<div class=\"elementor-widget-container\">\n\t\t\t\t\t\t\t\t\t<p>Collect feedback from employees, subcontractors or customers using the Nive Notis reporting application. Gathering feedback helps develop activities and is an easy way to bring out good practices or development ideas.\u00a0<\/p><p><span style=\"text-align: center;\">For example, work sites often come across practices that do not work, but mentioning the issue may be forgotten or a suitable person cannot be found. With Nive Notis, feedback can be posted immediately. Further processing of the feedback can be directed directly to the development officer.<\/span><\/p>\t\t\t\t\t\t\t\t<\/div>\n\t\t\t\t<\/div>\n\t\t\t\t\t<\/div>\n\t\t<\/div>\n\t\t\t\t\t<\/div>\n\t\t<\/section>\n\t\t\t\t<section class=\"elementor-section elementor-top-section elementor-element elementor-element-e87bd46 elementor-section-boxed elementor-section-height-default elementor-section-height-default\" data-id=\"e87bd46\" data-element_type=\"section\" data-e-type=\"section\">\n\t\t\t\t\t\t<div class=\"elementor-container elementor-column-gap-default\">\n\t\t\t\t\t<div class=\"elementor-column elementor-col-100 elementor-top-column elementor-element elementor-element-4b760d0\" data-id=\"4b760d0\" data-element_type=\"column\" data-e-type=\"column\">\n\t\t\t<div class=\"elementor-widget-wrap elementor-element-populated\">\n\t\t\t\t\t\t<div class=\"elementor-element elementor-element-55c3c18 elementor-widget elementor-widget-spacer\" data-id=\"55c3c18\" data-element_type=\"widget\" data-e-type=\"widget\" data-widget_type=\"spacer.default\">\n\t\t\t\t<div class=\"elementor-widget-container\">\n\t\t\t\t\t\t\t<div class=\"elementor-spacer\">\n\t\t\t<div class=\"elementor-spacer-inner\"><\/div>\n\t\t<\/div>\n\t\t\t\t\t\t<\/div>\n\t\t\t\t<\/div>\n\t\t\t\t\t<\/div>\n\t\t<\/div>\n\t\t\t\t\t<\/div>\n\t\t<\/section>\n\t\t\t\t<section class=\"elementor-section elementor-top-section elementor-element elementor-element-4ab553c elementor-section-boxed elementor-section-height-default elementor-section-height-default\" data-id=\"4ab553c\" data-element_type=\"section\" data-e-type=\"section\">\n\t\t\t\t\t\t<div class=\"elementor-container elementor-column-gap-default\">\n\t\t\t\t\t<div class=\"elementor-column elementor-col-100 elementor-top-column elementor-element elementor-element-0d3f91c\" data-id=\"0d3f91c\" data-element_type=\"column\" data-e-type=\"column\">\n\t\t\t<div class=\"elementor-widget-wrap elementor-element-populated\">\n\t\t\t\t\t\t<div class=\"elementor-element elementor-element-24aa055 elementor-widget elementor-widget-heading\" data-id=\"24aa055\" data-element_type=\"widget\" data-e-type=\"widget\" data-widget_type=\"heading.default\">\n\t\t\t\t<div class=\"elementor-widget-container\">\n\t\t\t\t\t<h2 class=\"elementor-heading-title elementor-size-default\">Here's how to create a feedback report with Nive Notis<\/h2>\t\t\t\t<\/div>\n\t\t\t\t<\/div>\n\t\t\t\t\t<\/div>\n\t\t<\/div>\n\t\t\t\t\t<\/div>\n\t\t<\/section>\n\t\t\t\t<section class=\"elementor-section elementor-top-section elementor-element elementor-element-3d5e4f3 elementor-section-boxed elementor-section-height-default elementor-section-height-default\" data-id=\"3d5e4f3\" data-element_type=\"section\" data-e-type=\"section\">\n\t\t\t\t\t\t<div class=\"elementor-container elementor-column-gap-default\">\n\t\t\t\t\t<div class=\"elementor-column elementor-col-100 elementor-top-column elementor-element elementor-element-1eb8a00\" data-id=\"1eb8a00\" data-element_type=\"column\" data-e-type=\"column\">\n\t\t\t<div class=\"elementor-widget-wrap elementor-element-populated\">\n\t\t\t\t\t\t<div class=\"elementor-element elementor-element-4b4c7c3 elementor-widget elementor-widget-image\" data-id=\"4b4c7c3\" data-element_type=\"widget\" data-e-type=\"widget\" data-widget_type=\"image.default\">\n\t\t\t\t<div class=\"elementor-widget-container\">\n\t\t\t\t\t\t\t\t\t\t\t\t\t\t\t<img fetchpriority=\"high\" decoding=\"async\" width=\"1024\" height=\"576\" src=\"https:\/\/www.nive.fi\/wp-content\/uploads\/2022\/04\/Dia2-1024x576.png\" class=\"attachment-large size-large wp-image-3054\" alt=\"\" srcset=\"https:\/\/www.nive.fi\/wp-content\/uploads\/2022\/04\/Dia2-1024x576.png 1024w, https:\/\/www.nive.fi\/wp-content\/uploads\/2022\/04\/Dia2-300x169.png 300w, https:\/\/www.nive.fi\/wp-content\/uploads\/2022\/04\/Dia2-768x432.png 768w, https:\/\/www.nive.fi\/wp-content\/uploads\/2022\/04\/Dia2-18x10.png 18w, https:\/\/www.nive.fi\/wp-content\/uploads\/2022\/04\/Dia2.png 1280w\" sizes=\"(max-width: 1024px) 100vw, 1024px\" \/>\t\t\t\t\t\t\t\t\t\t\t\t\t\t\t<\/div>\n\t\t\t\t<\/div>\n\t\t\t\t\t<\/div>\n\t\t<\/div>\n\t\t\t\t\t<\/div>\n\t\t<\/section>\n\t\t\t\t<section class=\"elementor-section elementor-top-section elementor-element elementor-element-868d57b elementor-section-boxed elementor-section-height-default elementor-section-height-default\" data-id=\"868d57b\" data-element_type=\"section\" data-e-type=\"section\">\n\t\t\t\t\t\t<div class=\"elementor-container elementor-column-gap-default\">\n\t\t\t\t\t<div class=\"elementor-column elementor-col-100 elementor-top-column elementor-element elementor-element-e8b6dd6\" data-id=\"e8b6dd6\" data-element_type=\"column\" data-e-type=\"column\">\n\t\t\t<div class=\"elementor-widget-wrap elementor-element-populated\">\n\t\t\t\t\t\t<div class=\"elementor-element elementor-element-f16a37d elementor-widget elementor-widget-spacer\" data-id=\"f16a37d\" data-element_type=\"widget\" data-e-type=\"widget\" data-widget_type=\"spacer.default\">\n\t\t\t\t<div class=\"elementor-widget-container\">\n\t\t\t\t\t\t\t<div class=\"elementor-spacer\">\n\t\t\t<div class=\"elementor-spacer-inner\"><\/div>\n\t\t<\/div>\n\t\t\t\t\t\t<\/div>\n\t\t\t\t<\/div>\n\t\t\t\t\t<\/div>\n\t\t<\/div>\n\t\t\t\t\t<\/div>\n\t\t<\/section>\n\t\t\t\t<section class=\"elementor-section elementor-top-section elementor-element elementor-element-b21ea43 elementor-section-height-min-height elementor-section-boxed elementor-section-height-default elementor-section-items-middle\" data-id=\"b21ea43\" data-element_type=\"section\" data-e-type=\"section\" data-settings=\"{&quot;background_background&quot;:&quot;classic&quot;}\">\n\t\t\t\t\t\t\t<div class=\"elementor-background-overlay\"><\/div>\n\t\t\t\t\t\t\t<div class=\"elementor-container elementor-column-gap-no\">\n\t\t\t\t\t<div class=\"elementor-column elementor-col-100 elementor-top-column elementor-element elementor-element-c710e7d\" data-id=\"c710e7d\" data-element_type=\"column\" data-e-type=\"column\">\n\t\t\t<div class=\"elementor-widget-wrap elementor-element-populated\">\n\t\t\t\t\t\t<div class=\"elementor-element elementor-element-2e11d4f elementor-widget elementor-widget-spacer\" data-id=\"2e11d4f\" data-element_type=\"widget\" data-e-type=\"widget\" data-widget_type=\"spacer.default\">\n\t\t\t\t<div class=\"elementor-widget-container\">\n\t\t\t\t\t\t\t<div class=\"elementor-spacer\">\n\t\t\t<div class=\"elementor-spacer-inner\"><\/div>\n\t\t<\/div>\n\t\t\t\t\t\t<\/div>\n\t\t\t\t<\/div>\n\t\t\t\t<div class=\"elementor-element elementor-element-1537b5f elementor-widget elementor-widget-heading\" data-id=\"1537b5f\" data-element_type=\"widget\" data-e-type=\"widget\" data-widget_type=\"heading.default\">\n\t\t\t\t<div class=\"elementor-widget-container\">\n\t\t\t\t\t<h2 class=\"elementor-heading-title elementor-size-default\"><b>Nive Notis<\/b><\/h2>\t\t\t\t<\/div>\n\t\t\t\t<\/div>\n\t\t\t\t<div class=\"elementor-element elementor-element-982e254 elementor-widget elementor-widget-text-editor\" data-id=\"982e254\" data-element_type=\"widget\" data-e-type=\"widget\" data-widget_type=\"text-editor.default\">\n\t\t\t\t<div class=\"elementor-widget-container\">\n\t\t\t\t\t\t\t\t\t<p>The Nive Notis reporting solution adapts to your needs. Reportable observations and and the collected information are configurable. Book a demo or contact us so we will consider together the solution that is right for your company.<\/p>\t\t\t\t\t\t\t\t<\/div>\n\t\t\t\t<\/div>\n\t\t\t\t<div class=\"elementor-element elementor-element-8238fc1 elementor-align-center elementor-widget elementor-widget-button\" data-id=\"8238fc1\" data-element_type=\"widget\" data-e-type=\"widget\" data-widget_type=\"button.default\">\n\t\t\t\t<div class=\"elementor-widget-container\">\n\t\t\t\t\t\t\t\t\t<div class=\"elementor-button-wrapper\">\n\t\t\t\t\t<a class=\"elementor-button elementor-button-link elementor-size-xs elementor-animation-grow\" href=\"https:\/\/www.nive.fi\/en\/varaa-ilmainen-demo\/\">\n\t\t\t\t\t\t<span class=\"elementor-button-content-wrapper\">\n\t\t\t\t\t\t\t\t\t<span class=\"elementor-button-text\">Book a demo<\/span>\n\t\t\t\t\t<\/span>\n\t\t\t\t\t<\/a>\n\t\t\t\t<\/div>\n\t\t\t\t\t\t\t\t<\/div>\n\t\t\t\t<\/div>\n\t\t\t\t<div class=\"elementor-element elementor-element-78af24c elementor-widget elementor-widget-spacer\" data-id=\"78af24c\" data-element_type=\"widget\" data-e-type=\"widget\" data-widget_type=\"spacer.default\">\n\t\t\t\t<div class=\"elementor-widget-container\">\n\t\t\t\t\t\t\t<div class=\"elementor-spacer\">\n\t\t\t<div class=\"elementor-spacer-inner\"><\/div>\n\t\t<\/div>\n\t\t\t\t\t\t<\/div>\n\t\t\t\t<\/div>\n\t\t\t\t\t<\/div>\n\t\t<\/div>\n\t\t\t\t\t<\/div>\n\t\t<\/section>\n\t\t\t\t<\/div>","protected":false},"excerpt":{"rendered":"<p>Palaute Palaute kehitt\u00e4\u00e4 toimintaa Ker\u00e4\u00e4 ty\u00f6ntekij\u00f6ilt\u00e4, alihankkijoilta tai asiakkailta palautetta Nive Notis -raportointisovelluksen avulla. Palautteen ker\u00e4\u00e4minen auttaa kehitt\u00e4m\u00e4\u00e4n toimintaa ja se on helppo tapa tuoda esille hyvi\u00e4 toimintatapoja tai kehitysideoita.&nbsp; Esimerkiksi ty\u00f6mailla usein t\u00f6rm\u00e4t\u00e4\u00e4n toimintatapoihin, jotka eiv\u00e4t toimi, mutta asiasta mainitseminen saattaa unohtua tai sopivaa henkil\u00f6\u00e4 ei l\u00f6ydy. Nive Notiksella palautteen voi kirjata v\u00e4litt\u00f6m\u00e4sti. Palautteen [&hellip;]<\/p>\n","protected":false},"author":1,"featured_media":0,"parent":0,"menu_order":0,"comment_status":"closed","ping_status":"closed","template":"","meta":{"site-sidebar-layout":"no-sidebar","site-content-layout":"page-builder","ast-site-content-layout":"default","site-content-style":"default","site-sidebar-style":"default","ast-global-header-display":"","ast-banner-title-visibility":"","ast-main-header-display":"","ast-hfb-above-header-display":"","ast-hfb-below-header-display":"","ast-hfb-mobile-header-display":"","site-post-title":"disabled","ast-breadcrumbs-content":"","ast-featured-img":"disabled","footer-sml-layout":"","ast-disable-related-posts":"","theme-transparent-header-meta":"enabled","adv-header-id-meta":"","stick-header-meta":"","header-above-stick-meta":"","header-main-stick-meta":"","header-below-stick-meta":"","astra-migrate-meta-layouts":"default","ast-page-background-enabled":"default","ast-page-background-meta":{"desktop":{"background-color":"","background-image":"","background-repeat":"repeat","background-position":"center center","background-size":"auto","background-attachment":"scroll","background-type":"","background-media":"","overlay-type":"","overlay-color":"","overlay-opacity":"","overlay-gradient":""},"tablet":{"background-color":"","background-image":"","background-repeat":"repeat","background-position":"center center","background-size":"auto","background-attachment":"scroll","background-type":"","background-media":"","overlay-type":"","overlay-color":"","overlay-opacity":"","overlay-gradient":""},"mobile":{"background-color":"","background-image":"","background-repeat":"repeat","background-position":"center center","background-size":"auto","background-attachment":"scroll","background-type":"","background-media":"","overlay-type":"","overlay-color":"","overlay-opacity":"","overlay-gradient":""}},"ast-content-background-meta":{"desktop":{"background-color":"var(--ast-global-color-5)","background-image":"","background-repeat":"repeat","background-position":"center center","background-size":"auto","background-attachment":"scroll","background-type":"","background-media":"","overlay-type":"","overlay-color":"","overlay-opacity":"","overlay-gradient":""},"tablet":{"background-color":"var(--ast-global-color-5)","background-image":"","background-repeat":"repeat","background-position":"center center","background-size":"auto","background-attachment":"scroll","background-type":"","background-media":"","overlay-type":"","overlay-color":"","overlay-opacity":"","overlay-gradient":""},"mobile":{"background-color":"var(--ast-global-color-5)","background-image":"","background-repeat":"repeat","background-position":"center center","background-size":"auto","background-attachment":"scroll","background-type":"","background-media":"","overlay-type":"","overlay-color":"","overlay-opacity":"","overlay-gradient":""}},"footnotes":""},"class_list":["post-3048","page","type-page","status-publish","hentry"],"yoast_head":"<!-- This site is optimized with the Yoast SEO plugin v27.4 - https:\/\/yoast.com\/product\/yoast-seo-wordpress\/ -->\n<title>Palaute - Nive<\/title>\n<meta name=\"description\" content=\"Ker\u00e4\u00e4 asiakkaiden tai ty\u00f6ntekij\u00f6iden palautteet helposti ja nopeasti Nive Notis -mobiilisovelluksen avulla.\" \/>\n<meta name=\"robots\" content=\"index, follow, max-snippet:-1, max-image-preview:large, max-video-preview:-1\" \/>\n<link rel=\"canonical\" href=\"https:\/\/www.nive.fi\/en\/palaute\/\" \/>\n<meta property=\"og:locale\" content=\"en_GB\" \/>\n<meta property=\"og:type\" content=\"article\" \/>\n<meta property=\"og:title\" content=\"Palaute - Nive\" \/>\n<meta property=\"og:description\" content=\"Ker\u00e4\u00e4 asiakkaiden tai ty\u00f6ntekij\u00f6iden palautteet helposti ja nopeasti Nive Notis -mobiilisovelluksen avulla.\" \/>\n<meta property=\"og:url\" content=\"https:\/\/www.nive.fi\/en\/palaute\/\" \/>\n<meta property=\"og:site_name\" content=\"Nive\" \/>\n<meta property=\"article:publisher\" content=\"https:\/\/www.facebook.com\/NiveInformationTechnology\/\" \/>\n<meta property=\"article:modified_time\" content=\"2022-06-14T07:08:13+00:00\" \/>\n<meta property=\"og:image\" content=\"https:\/\/www.nive.fi\/wp-content\/uploads\/2022\/04\/Dia2-1024x576.png\" \/>\n<meta name=\"twitter:card\" content=\"summary_large_image\" \/>\n<meta name=\"twitter:label1\" content=\"Estimated reading time\" \/>\n\t<meta name=\"twitter:data1\" content=\"1 minute\" \/>\n<script type=\"application\/ld+json\" class=\"yoast-schema-graph\">{\"@context\":\"https:\\\/\\\/schema.org\",\"@graph\":[{\"@type\":\"WebPage\",\"@id\":\"https:\\\/\\\/www.nive.fi\\\/palaute\\\/\",\"url\":\"https:\\\/\\\/www.nive.fi\\\/palaute\\\/\",\"name\":\"Palaute - Nive\",\"isPartOf\":{\"@id\":\"https:\\\/\\\/www.nive.fi\\\/#website\"},\"primaryImageOfPage\":{\"@id\":\"https:\\\/\\\/www.nive.fi\\\/palaute\\\/#primaryimage\"},\"image\":{\"@id\":\"https:\\\/\\\/www.nive.fi\\\/palaute\\\/#primaryimage\"},\"thumbnailUrl\":\"https:\\\/\\\/www.nive.fi\\\/wp-content\\\/uploads\\\/2026\\\/03\\\/New-Features-Uusia-Ominaisuuksia-1.pngwp-content\\\/uploads\\\/2022\\\/04\\\/Dia2-1024x576.png\",\"datePublished\":\"2022-05-02T06:26:15+00:00\",\"dateModified\":\"2022-06-14T07:08:13+00:00\",\"description\":\"Ker\u00e4\u00e4 asiakkaiden tai ty\u00f6ntekij\u00f6iden palautteet helposti ja nopeasti Nive Notis -mobiilisovelluksen avulla.\",\"breadcrumb\":{\"@id\":\"https:\\\/\\\/www.nive.fi\\\/palaute\\\/#breadcrumb\"},\"inLanguage\":\"en-GB\",\"potentialAction\":[{\"@type\":\"ReadAction\",\"target\":[\"https:\\\/\\\/www.nive.fi\\\/palaute\\\/\"]}]},{\"@type\":\"ImageObject\",\"inLanguage\":\"en-GB\",\"@id\":\"https:\\\/\\\/www.nive.fi\\\/palaute\\\/#primaryimage\",\"url\":\"https:\\\/\\\/www.nive.fi\\\/wp-content\\\/uploads\\\/2026\\\/03\\\/New-Features-Uusia-Ominaisuuksia-1.pngwp-content\\\/uploads\\\/2022\\\/04\\\/Dia2-1024x576.png\",\"contentUrl\":\"https:\\\/\\\/www.nive.fi\\\/wp-content\\\/uploads\\\/2026\\\/03\\\/New-Features-Uusia-Ominaisuuksia-1.pngwp-content\\\/uploads\\\/2022\\\/04\\\/Dia2-1024x576.png\"},{\"@type\":\"BreadcrumbList\",\"@id\":\"https:\\\/\\\/www.nive.fi\\\/palaute\\\/#breadcrumb\",\"itemListElement\":[{\"@type\":\"ListItem\",\"position\":1,\"name\":\"Home\",\"item\":\"https:\\\/\\\/www.nive.fi\\\/\"},{\"@type\":\"ListItem\",\"position\":2,\"name\":\"Palaute\"}]},{\"@type\":\"WebSite\",\"@id\":\"https:\\\/\\\/www.nive.fi\\\/#website\",\"url\":\"https:\\\/\\\/www.nive.fi\\\/\",\"name\":\"Nive\",\"description\":\"Nive Information Technology\",\"publisher\":{\"@id\":\"https:\\\/\\\/www.nive.fi\\\/#organization\"},\"potentialAction\":[{\"@type\":\"SearchAction\",\"target\":{\"@type\":\"EntryPoint\",\"urlTemplate\":\"https:\\\/\\\/www.nive.fi\\\/?s={search_term_string}\"},\"query-input\":{\"@type\":\"PropertyValueSpecification\",\"valueRequired\":true,\"valueName\":\"search_term_string\"}}],\"inLanguage\":\"en-GB\"},{\"@type\":\"Organization\",\"@id\":\"https:\\\/\\\/www.nive.fi\\\/#organization\",\"name\":\"Nive Information Technology\",\"url\":\"https:\\\/\\\/www.nive.fi\\\/\",\"logo\":{\"@type\":\"ImageObject\",\"inLanguage\":\"en-GB\",\"@id\":\"https:\\\/\\\/www.nive.fi\\\/#\\\/schema\\\/logo\\\/image\\\/\",\"url\":\"https:\\\/\\\/www.nive.fi\\\/wp-content\\\/uploads\\\/2021\\\/05\\\/Nive_PPT_tranparent.png\",\"contentUrl\":\"https:\\\/\\\/www.nive.fi\\\/wp-content\\\/uploads\\\/2021\\\/05\\\/Nive_PPT_tranparent.png\",\"width\":1200,\"height\":324,\"caption\":\"Nive Information Technology\"},\"image\":{\"@id\":\"https:\\\/\\\/www.nive.fi\\\/#\\\/schema\\\/logo\\\/image\\\/\"},\"sameAs\":[\"https:\\\/\\\/www.facebook.com\\\/NiveInformationTechnology\\\/\",\"https:\\\/\\\/www.linkedin.com\\\/company\\\/niveit\\\/\"]}]}<\/script>\n<!-- \/ Yoast SEO plugin. -->","yoast_head_json":{"title":"Palaute - Nive","description":"Ker\u00e4\u00e4 asiakkaiden tai ty\u00f6ntekij\u00f6iden palautteet helposti ja nopeasti Nive Notis -mobiilisovelluksen avulla.","robots":{"index":"index","follow":"follow","max-snippet":"max-snippet:-1","max-image-preview":"max-image-preview:large","max-video-preview":"max-video-preview:-1"},"canonical":"https:\/\/www.nive.fi\/en\/palaute\/","og_locale":"en_GB","og_type":"article","og_title":"Palaute - Nive","og_description":"Ker\u00e4\u00e4 asiakkaiden tai ty\u00f6ntekij\u00f6iden palautteet helposti ja nopeasti Nive Notis -mobiilisovelluksen avulla.","og_url":"https:\/\/www.nive.fi\/en\/palaute\/","og_site_name":"Nive","article_publisher":"https:\/\/www.facebook.com\/NiveInformationTechnology\/","article_modified_time":"2022-06-14T07:08:13+00:00","og_image":[{"url":"https:\/\/www.nive.fi\/wp-content\/uploads\/2022\/04\/Dia2-1024x576.png","type":"","width":"","height":""}],"twitter_card":"summary_large_image","twitter_misc":{"Estimated reading time":"1 minute"},"schema":{"@context":"https:\/\/schema.org","@graph":[{"@type":"WebPage","@id":"https:\/\/www.nive.fi\/palaute\/","url":"https:\/\/www.nive.fi\/palaute\/","name":"Palaute - Nive","isPartOf":{"@id":"https:\/\/www.nive.fi\/#website"},"primaryImageOfPage":{"@id":"https:\/\/www.nive.fi\/palaute\/#primaryimage"},"image":{"@id":"https:\/\/www.nive.fi\/palaute\/#primaryimage"},"thumbnailUrl":"https:\/\/www.nive.fi\/wp-content\/uploads\/2026\/03\/New-Features-Uusia-Ominaisuuksia-1.pngwp-content\/uploads\/2022\/04\/Dia2-1024x576.png","datePublished":"2022-05-02T06:26:15+00:00","dateModified":"2022-06-14T07:08:13+00:00","description":"Ker\u00e4\u00e4 asiakkaiden tai ty\u00f6ntekij\u00f6iden palautteet helposti ja nopeasti Nive Notis -mobiilisovelluksen avulla.","breadcrumb":{"@id":"https:\/\/www.nive.fi\/palaute\/#breadcrumb"},"inLanguage":"en-GB","potentialAction":[{"@type":"ReadAction","target":["https:\/\/www.nive.fi\/palaute\/"]}]},{"@type":"ImageObject","inLanguage":"en-GB","@id":"https:\/\/www.nive.fi\/palaute\/#primaryimage","url":"https:\/\/www.nive.fi\/wp-content\/uploads\/2026\/03\/New-Features-Uusia-Ominaisuuksia-1.pngwp-content\/uploads\/2022\/04\/Dia2-1024x576.png","contentUrl":"https:\/\/www.nive.fi\/wp-content\/uploads\/2026\/03\/New-Features-Uusia-Ominaisuuksia-1.pngwp-content\/uploads\/2022\/04\/Dia2-1024x576.png"},{"@type":"BreadcrumbList","@id":"https:\/\/www.nive.fi\/palaute\/#breadcrumb","itemListElement":[{"@type":"ListItem","position":1,"name":"Home","item":"https:\/\/www.nive.fi\/"},{"@type":"ListItem","position":2,"name":"Palaute"}]},{"@type":"WebSite","@id":"https:\/\/www.nive.fi\/#website","url":"https:\/\/www.nive.fi\/","name":"Nive","description":"Nive Information Technology","publisher":{"@id":"https:\/\/www.nive.fi\/#organization"},"potentialAction":[{"@type":"SearchAction","target":{"@type":"EntryPoint","urlTemplate":"https:\/\/www.nive.fi\/?s={search_term_string}"},"query-input":{"@type":"PropertyValueSpecification","valueRequired":true,"valueName":"search_term_string"}}],"inLanguage":"en-GB"},{"@type":"Organization","@id":"https:\/\/www.nive.fi\/#organization","name":"Nive Information Technology","url":"https:\/\/www.nive.fi\/","logo":{"@type":"ImageObject","inLanguage":"en-GB","@id":"https:\/\/www.nive.fi\/#\/schema\/logo\/image\/","url":"https:\/\/www.nive.fi\/wp-content\/uploads\/2021\/05\/Nive_PPT_tranparent.png","contentUrl":"https:\/\/www.nive.fi\/wp-content\/uploads\/2021\/05\/Nive_PPT_tranparent.png","width":1200,"height":324,"caption":"Nive Information Technology"},"image":{"@id":"https:\/\/www.nive.fi\/#\/schema\/logo\/image\/"},"sameAs":["https:\/\/www.facebook.com\/NiveInformationTechnology\/","https:\/\/www.linkedin.com\/company\/niveit\/"]}]}},"_links":{"self":[{"href":"https:\/\/www.nive.fi\/en\/wp-json\/wp\/v2\/pages\/3048","targetHints":{"allow":["GET"]}}],"collection":[{"href":"https:\/\/www.nive.fi\/en\/wp-json\/wp\/v2\/pages"}],"about":[{"href":"https:\/\/www.nive.fi\/en\/wp-json\/wp\/v2\/types\/page"}],"author":[{"embeddable":true,"href":"https:\/\/www.nive.fi\/en\/wp-json\/wp\/v2\/users\/1"}],"replies":[{"embeddable":true,"href":"https:\/\/www.nive.fi\/en\/wp-json\/wp\/v2\/comments?post=3048"}],"version-history":[{"count":24,"href":"https:\/\/www.nive.fi\/en\/wp-json\/wp\/v2\/pages\/3048\/revisions"}],"predecessor-version":[{"id":3500,"href":"https:\/\/www.nive.fi\/en\/wp-json\/wp\/v2\/pages\/3048\/revisions\/3500"}],"wp:attachment":[{"href":"https:\/\/www.nive.fi\/en\/wp-json\/wp\/v2\/media?parent=3048"}],"curies":[{"name":"wp","href":"https:\/\/api.w.org\/{rel}","templated":true}]}}